{"id":241,"date":"2026-01-06T00:30:22","date_gmt":"2026-01-06T03:30:22","guid":{"rendered":"http:\/\/opcaocsl.com.br\/?page_id=241"},"modified":"2026-01-08T17:24:15","modified_gmt":"2026-01-08T20:24:15","slug":"sobre","status":"publish","type":"page","link":"http:\/\/opcaocsl.com.br\/?page_id=241","title":{"rendered":"Sobre"},"content":{"rendered":"\t\t<div data-elementor-type=\"wp-page\" data-elementor-id=\"241\" class=\"elementor elementor-241\">\n\t\t\t\t<div class=\"elementor-element elementor-element-74cf013 e-flex e-con-boxed wpr-particle-no wpr-jarallax-no wpr-parallax-no wpr-sticky-section-no e-con e-parent\" data-id=\"74cf013\" data-element_type=\"container\">\n\t\t\t\t\t<div class=\"e-con-inner\">\n\t\t<div class=\"elementor-element elementor-element-eb75d12 e-con-full e-flex wpr-particle-no wpr-jarallax-no wpr-parallax-no wpr-sticky-section-no e-con e-child\" data-id=\"eb75d12\" data-element_type=\"container\">\n\t\t\t\t<div class=\"elementor-element elementor-element-bc055d7 elementor-widget elementor-widget-heading\" data-id=\"bc055d7\" data-element_type=\"widget\" data-widget_type=\"heading.default\">\n\t\t\t\t\t<h4 class=\"elementor-heading-title elementor-size-default\"><span style=\"font-family: Montserrat, sans-serif;font-size: 21px;font-weight: 700;text-align: justify\">Op\u00e7\u00e3o Com\u00e9rcio e Servi\u00e7os<\/span><\/h4>\t\t\t\t<\/div>\n\t\t\t\t<div class=\"elementor-element elementor-element-5b5482d elementor-widget elementor-widget-text-editor\" data-id=\"5b5482d\" data-element_type=\"widget\" data-widget_type=\"text-editor.default\">\n\t\t\t\t\t\t\t\t\t<p data-path-to-node=\"14\"><span data-path-to-node=\"14,2\"><span class=\"citation-181\">Empresa <\/span><span data-path-to-node=\"14,2\" data-index-in-node=\"10\"><span class=\"citation-181\">Op\u00e7\u00e3o Com\u00e9rcio e Servi\u00e7os Ltda<\/span><\/span><span class=\"citation-181\"> foi criada mediante a sele\u00e7\u00e3o de um acervo t\u00e9cnico respons\u00e1vel, composto por profissionais qualificados com forma\u00e7\u00e3o t\u00e9cnica e superior, contando com vasta experi\u00eancia nos setores de forma geral<\/span><\/span><span data-path-to-node=\"14,4\">.<\/span><\/p>\n<div class=\"source-inline-chip-container ng-star-inserted\">&nbsp;<\/div>\n<p data-path-to-node=\"15\"><span data-path-to-node=\"15,0\"><b data-path-to-node=\"15,0\" data-index-in-node=\"0\">Nossa Miss\u00e3o:<\/b> <\/span><span data-path-to-node=\"15,2\">Procuramos concretizar nossos servi\u00e7os com fidelidade, conquistando nosso objetivo maior: a satisfa\u00e7\u00e3o dos nossos clientes e parceiros com qualidade, pre\u00e7o e sustentabilidade<\/span><span data-path-to-node=\"15,4\">.<\/span><\/p>\n<div class=\"source-inline-chip-container ng-star-inserted\">&nbsp;<\/div>\n<p data-path-to-node=\"16\"><span data-path-to-node=\"16,0\"><b data-path-to-node=\"16,0\" data-index-in-node=\"0\">Localiza\u00e7\u00e3o:<\/b> <\/span><span data-path-to-node=\"16,2\">Estamos situados em uma \u00e1rea de f\u00e1cil acesso e log\u00edstica de carga e descarga na Rua Vicente de Lima Cleto, n\u00ba 385, Nova Cidade, S\u00e3o Gon\u00e7alo &#8211; RJ<\/span><span data-path-to-node=\"16,4\">.<\/span><\/p>\t\t\t\t\t\t\t\t<\/div>\n\t\t\t\t<div class=\"elementor-element elementor-element-4ec42fb elementor-widget elementor-widget-heading\" data-id=\"4ec42fb\" data-element_type=\"widget\" data-widget_type=\"heading.default\">\n\t\t\t\t\t<h2 class=\"elementor-heading-title elementor-size-default\"><br>Nossos Clientes:<\/h2>\t\t\t\t<\/div>\n\t\t\t\t<div class=\"elementor-element elementor-element-20f848c elementor-widget elementor-widget-image-gallery\" data-id=\"20f848c\" data-element_type=\"widget\" data-widget_type=\"image-gallery.default\">\n\t\t\t\t\t\t\t<div class=\"elementor-image-gallery\">\n\t\t\t<div id='gallery-1' class='gallery galleryid-241 gallery-columns-5 gallery-size-thumbnail'><figure class='gallery-item'>\n\t\t\t<div class='gallery-icon landscape'>\n\t\t\t\t<a data-elementor-open-lightbox=\"yes\" data-elementor-lightbox-slideshow=\"20f848c\" data-e-action-hash=\"#elementor-action%3Aaction%3Dlightbox%26settings%3DeyJpZCI6MzMzLCJ1cmwiOiJodHRwOlwvXC9vcGNhb2NzbC5jb20uYnJcL3dwLWNvbnRlbnRcL3VwbG9hZHNcLzIwMjZcLzAxXC8xLTMucG5nIiwic2xpZGVzaG93IjoiMjBmODQ4YyJ9\" href='http:\/\/opcaocsl.com.br\/wp-content\/uploads\/2026\/01\/1-3.png'><img decoding=\"async\" width=\"150\" height=\"150\" src=\"http:\/\/opcaocsl.com.br\/wp-content\/uploads\/2026\/01\/1-3-150x150.png\" class=\"attachment-thumbnail size-thumbnail\" alt=\"\" srcset=\"http:\/\/opcaocsl.com.br\/wp-content\/uploads\/2026\/01\/1-3-150x150.png 150w, http:\/\/opcaocsl.com.br\/wp-content\/uploads\/2026\/01\/1-3-300x300.png 300w, http:\/\/opcaocsl.com.br\/wp-content\/uploads\/2026\/01\/1-3.png 500w\" sizes=\"(max-width: 150px) 100vw, 150px\" \/><\/a>\n\t\t\t<\/div><\/figure><figure class='gallery-item'>\n\t\t\t<div class='gallery-icon landscape'>\n\t\t\t\t<a data-elementor-open-lightbox=\"yes\" data-elementor-lightbox-slideshow=\"20f848c\" data-e-action-hash=\"#elementor-action%3Aaction%3Dlightbox%26settings%3DeyJpZCI6MzM0LCJ1cmwiOiJodHRwOlwvXC9vcGNhb2NzbC5jb20uYnJcL3dwLWNvbnRlbnRcL3VwbG9hZHNcLzIwMjZcLzAxXC8yLTIucG5nIiwic2xpZGVzaG93IjoiMjBmODQ4YyJ9\" href='http:\/\/opcaocsl.com.br\/wp-content\/uploads\/2026\/01\/2-2.png'><img decoding=\"async\" width=\"150\" height=\"150\" src=\"http:\/\/opcaocsl.com.br\/wp-content\/uploads\/2026\/01\/2-2-150x150.png\" class=\"attachment-thumbnail size-thumbnail\" alt=\"\" srcset=\"http:\/\/opcaocsl.com.br\/wp-content\/uploads\/2026\/01\/2-2-150x150.png 150w, http:\/\/opcaocsl.com.br\/wp-content\/uploads\/2026\/01\/2-2-300x300.png 300w, http:\/\/opcaocsl.com.br\/wp-content\/uploads\/2026\/01\/2-2.png 500w\" sizes=\"(max-width: 150px) 100vw, 150px\" \/><\/a>\n\t\t\t<\/div><\/figure><figure class='gallery-item'>\n\t\t\t<div class='gallery-icon landscape'>\n\t\t\t\t<a data-elementor-open-lightbox=\"yes\" data-elementor-lightbox-slideshow=\"20f848c\" data-e-action-hash=\"#elementor-action%3Aaction%3Dlightbox%26settings%3DeyJpZCI6MzM1LCJ1cmwiOiJodHRwOlwvXC9vcGNhb2NzbC5jb20uYnJcL3dwLWNvbnRlbnRcL3VwbG9hZHNcLzIwMjZcLzAxXC8zLTMucG5nIiwic2xpZGVzaG93IjoiMjBmODQ4YyJ9\" href='http:\/\/opcaocsl.com.br\/wp-content\/uploads\/2026\/01\/3-3.png'><img decoding=\"async\" width=\"150\" height=\"150\" src=\"http:\/\/opcaocsl.com.br\/wp-content\/uploads\/2026\/01\/3-3-150x150.png\" class=\"attachment-thumbnail size-thumbnail\" alt=\"\" srcset=\"http:\/\/opcaocsl.com.br\/wp-content\/uploads\/2026\/01\/3-3-150x150.png 150w, http:\/\/opcaocsl.com.br\/wp-content\/uploads\/2026\/01\/3-3-300x300.png 300w, http:\/\/opcaocsl.com.br\/wp-content\/uploads\/2026\/01\/3-3.png 500w\" sizes=\"(max-width: 150px) 100vw, 150px\" \/><\/a>\n\t\t\t<\/div><\/figure><figure class='gallery-item'>\n\t\t\t<div class='gallery-icon landscape'>\n\t\t\t\t<a data-elementor-open-lightbox=\"yes\" data-elementor-lightbox-slideshow=\"20f848c\" data-e-action-hash=\"#elementor-action%3Aaction%3Dlightbox%26settings%3DeyJpZCI6MzM2LCJ1cmwiOiJodHRwOlwvXC9vcGNhb2NzbC5jb20uYnJcL3dwLWNvbnRlbnRcL3VwbG9hZHNcLzIwMjZcLzAxXC80LTMucG5nIiwic2xpZGVzaG93IjoiMjBmODQ4YyJ9\" href='http:\/\/opcaocsl.com.br\/wp-content\/uploads\/2026\/01\/4-3.png'><img loading=\"lazy\" decoding=\"async\" width=\"150\" height=\"150\" src=\"http:\/\/opcaocsl.com.br\/wp-content\/uploads\/2026\/01\/4-3-150x150.png\" class=\"attachment-thumbnail size-thumbnail\" alt=\"\" srcset=\"http:\/\/opcaocsl.com.br\/wp-content\/uploads\/2026\/01\/4-3-150x150.png 150w, http:\/\/opcaocsl.com.br\/wp-content\/uploads\/2026\/01\/4-3-300x300.png 300w, http:\/\/opcaocsl.com.br\/wp-content\/uploads\/2026\/01\/4-3.png 500w\" sizes=\"(max-width: 150px) 100vw, 150px\" \/><\/a>\n\t\t\t<\/div><\/figure><figure class='gallery-item'>\n\t\t\t<div class='gallery-icon landscape'>\n\t\t\t\t<a data-elementor-open-lightbox=\"yes\" data-elementor-lightbox-slideshow=\"20f848c\" data-e-action-hash=\"#elementor-action%3Aaction%3Dlightbox%26settings%3DeyJpZCI6MzM3LCJ1cmwiOiJodHRwOlwvXC9vcGNhb2NzbC5jb20uYnJcL3dwLWNvbnRlbnRcL3VwbG9hZHNcLzIwMjZcLzAxXC81LTIucG5nIiwic2xpZGVzaG93IjoiMjBmODQ4YyJ9\" href='http:\/\/opcaocsl.com.br\/wp-content\/uploads\/2026\/01\/5-2.png'><img loading=\"lazy\" decoding=\"async\" width=\"150\" height=\"150\" src=\"http:\/\/opcaocsl.com.br\/wp-content\/uploads\/2026\/01\/5-2-150x150.png\" class=\"attachment-thumbnail size-thumbnail\" alt=\"\" srcset=\"http:\/\/opcaocsl.com.br\/wp-content\/uploads\/2026\/01\/5-2-150x150.png 150w, http:\/\/opcaocsl.com.br\/wp-content\/uploads\/2026\/01\/5-2-300x300.png 300w, http:\/\/opcaocsl.com.br\/wp-content\/uploads\/2026\/01\/5-2.png 500w\" sizes=\"(max-width: 150px) 100vw, 150px\" \/><\/a>\n\t\t\t<\/div><\/figure>\n\t\t<\/div>\n\t\t<\/div>\n\t\t\t\t\t\t<\/div>\n\t\t\t\t<\/div>\n\t\t<div class=\"elementor-element elementor-element-38fa057 e-con-full e-flex wpr-particle-no wpr-jarallax-no wpr-parallax-no wpr-sticky-section-no e-con e-child\" data-id=\"38fa057\" data-element_type=\"container\">\n\t\t\t\t<div class=\"elementor-element elementor-element-5605b20 elementor-widget__width-initial elementor-widget elementor-widget-video\" data-id=\"5605b20\" data-element_type=\"widget\" data-settings=\"{&quot;video_type&quot;:&quot;hosted&quot;,&quot;autoplay&quot;:&quot;yes&quot;,&quot;play_on_mobile&quot;:&quot;yes&quot;,&quot;mute&quot;:&quot;yes&quot;,&quot;loop&quot;:&quot;yes&quot;}\" data-widget_type=\"video.default\">\n\t\t\t\t\t\t\t<div class=\"e-hosted-video elementor-wrapper elementor-open-inline\">\n\t\t\t\t\t<video class=\"elementor-video\" src=\"http:\/\/opcaocsl.com.br\/wp-content\/uploads\/2025\/12\/VID-20251205-WA0010.mp4\" autoplay=\"\" loop=\"\" muted=\"muted\" playsinline=\"\" controlsList=\"nodownload\"><\/video>\n\t\t\t\t<\/div>\n\t\t\t\t\t\t<\/div>\n\t\t\t\t<\/div>\n\t\t\t\t\t<\/div>\n\t\t\t\t<\/div>\n\t\t<div class=\"elementor-element elementor-element-6b12d45 e-flex e-con-boxed wpr-particle-no wpr-jarallax-no wpr-parallax-no wpr-sticky-section-no e-con e-parent\" data-id=\"6b12d45\" data-element_type=\"container\">\n\t\t\t\t\t<div class=\"e-con-inner\">\n\t\t<div class=\"elementor-element elementor-element-680769a e-con-full e-flex wpr-particle-no wpr-jarallax-no wpr-parallax-no wpr-sticky-section-no e-con e-child\" data-id=\"680769a\" data-element_type=\"container\">\n\t\t\t\t<\/div>\n\t\t<div class=\"elementor-element elementor-element-a4ab1ae e-con-full e-flex wpr-particle-no wpr-jarallax-no wpr-parallax-no wpr-sticky-section-no e-con e-child\" data-id=\"a4ab1ae\" data-element_type=\"container\">\n\t\t\t\t<\/div>\n\t\t\t\t\t<\/div>\n\t\t\t\t<\/div>\n\t\t\t\t<\/div>\n\t\t","protected":false},"excerpt":{"rendered":"<p>Op\u00e7\u00e3o Com\u00e9rcio e Servi\u00e7os Empresa Op\u00e7\u00e3o Com\u00e9rcio e Servi\u00e7os Ltda foi criada mediante a sele\u00e7\u00e3o de um acervo t\u00e9cnico respons\u00e1vel, composto por profissionais qualificados com forma\u00e7\u00e3o t\u00e9cnica e superior, contando com vasta experi\u00eancia nos setores de forma geral. &nbsp; Nossa Miss\u00e3o: Procuramos concretizar nossos servi\u00e7os com fidelidade, conquistando nosso objetivo maior: a satisfa\u00e7\u00e3o dos nossos clientes e parceiros com qualidade, pre\u00e7o e sustentabilidade. &nbsp; Localiza\u00e7\u00e3o: Estamos situados em uma \u00e1rea de f\u00e1cil acesso e log\u00edstica de carga e descarga na Rua Vicente de Lima Cleto, n\u00ba 385, Nova Cidade, S\u00e3o Gon\u00e7alo &#8211; RJ. Nossos Clientes: http:\/\/opcaocsl.com.br\/wp-content\/uploads\/2025\/12\/VID-20251205-WA0010.mp4<\/p>\n","protected":false},"author":1,"featured_media":0,"parent":0,"menu_order":0,"comment_status":"closed","ping_status":"closed","template":"","meta":{"_vp_format_video_url":"","_vp_image_focal_point":[],"footnotes":""},"class_list":["post-241","page","type-page","status-publish","hentry"],"_links":{"self":[{"href":"http:\/\/opcaocsl.com.br\/index.php?rest_route=\/wp\/v2\/pages\/241","targetHints":{"allow":["GET"]}}],"collection":[{"href":"http:\/\/opcaocsl.com.br\/index.php?rest_route=\/wp\/v2\/pages"}],"about":[{"href":"http:\/\/opcaocsl.com.br\/index.php?rest_route=\/wp\/v2\/types\/page"}],"author":[{"embeddable":true,"href":"http:\/\/opcaocsl.com.br\/index.php?rest_route=\/wp\/v2\/users\/1"}],"replies":[{"embeddable":true,"href":"http:\/\/opcaocsl.com.br\/index.php?rest_route=%2Fwp%2Fv2%2Fcomments&post=241"}],"version-history":[{"count":16,"href":"http:\/\/opcaocsl.com.br\/index.php?rest_route=\/wp\/v2\/pages\/241\/revisions"}],"predecessor-version":[{"id":346,"href":"http:\/\/opcaocsl.com.br\/index.php?rest_route=\/wp\/v2\/pages\/241\/revisions\/346"}],"wp:attachment":[{"href":"http:\/\/opcaocsl.com.br\/index.php?rest_route=%2Fwp%2Fv2%2Fmedia&parent=241"}],"curies":[{"name":"wp","href":"https:\/\/api.w.org\/{rel}","templated":true}]}}